{"id":820,"date":"2018-02-06T21:34:18","date_gmt":"2018-02-06T21:34:18","guid":{"rendered":"http:\/\/groupeodonatauvergne.fr\/?page_id=820"},"modified":"2021-01-23T09:31:54","modified_gmt":"2021-01-23T09:31:54","slug":"liste-rouge-des-odonates-dauvergne","status":"publish","type":"page","link":"http:\/\/groupeodonatauvergne.fr\/?page_id=820","title":{"rendered":"Liste rouge des Odonates d&rsquo;Auvergne"},"content":{"rendered":"<h3>&nbsp;<\/h3>\n<h3>Documents disponibles :<\/h3>\n<p>&nbsp;<\/p>\n<h3><a href=\"http:\/\/groupeodonatauvergne.fr\/wp-content\/uploads\/2018\/02\/Liste_Rouge_Odonates_Auvergne.pdf\" target=\"_blank\" rel=\"noopener noreferrer\"><span style=\"color: #000000;\"><span style=\"color: #ff0000;\">Liste Rouge, document complet<\/span><\/span><\/a><\/h3>\n<h3><a href=\"http:\/\/groupeodonatauvergne.fr\/wp-content\/uploads\/2021\/01\/LR_Odonates_Auvergne-Tableau_synthetique.pdf\" target=\"_blank\" rel=\"noopener noreferrer\"><span style=\"color: #000000;\">Pour les press\u00e9s, voir ici le r\u00e9sum\u00e9<\/span><\/a><\/h3>\n<h3><span style=\"color: #000000;\"><a style=\"color: #000000;\" href=\"http:\/\/groupeodonatauvergne.fr\/wp-content\/uploads\/2020\/03\/Cartes__Statuts_especes.pdf\" target=\"_blank\" rel=\"noopener noreferrer\">D\u00e9tails par esp\u00e8ce avec cartographie<\/a><\/span><\/h3>\n<h3><span style=\"color: #000000;\"><a style=\"color: #000000;\" href=\"http:\/\/groupeodonatauvergne.fr\/wp-content\/uploads\/2021\/01\/LR_Odonates_Auvergne-Priorites_de_conservation.pdf\" target=\"_blank\" rel=\"noopener noreferrer\">Priorit\u00e9s de conservation et de connaissance<\/a><\/span><\/h3>\n<h3><span style=\"color: #000000;\"><a style=\"color: #000000;\" href=\"http:\/\/groupeodonatauvergne.fr\/wp-content\/uploads\/2018\/02\/LR_Odonates_Auvergne-Dossier_de_presse.pdf\" target=\"_blank\" rel=\"noopener noreferrer\">Le dossier de presse<\/a><\/span><\/h3>\n<p>&nbsp;<\/p>\n<p>&nbsp;<\/p>\n","protected":false},"excerpt":{"rendered":"<p>&nbsp; Documents disponibles : &nbsp; Liste Rouge, document complet Pour les press\u00e9s, voir ici le r\u00e9sum\u00e9 D\u00e9tails par esp\u00e8ce avec cartographie Priorit\u00e9s de conservation et de connaissance Le dossier de presse &nbsp; &nbsp;<\/p>\n","protected":false},"author":1,"featured_media":0,"parent":0,"menu_order":0,"comment_status":"closed","ping_status":"closed","template":"","meta":{"ngg_post_thumbnail":0,"_mc_calendar":[]},"_links":{"self":[{"href":"http:\/\/groupeodonatauvergne.fr\/index.php?rest_route=\/wp\/v2\/pages\/820"}],"collection":[{"href":"http:\/\/groupeodonatauvergne.fr\/index.php?rest_route=\/wp\/v2\/pages"}],"about":[{"href":"http:\/\/groupeodonatauvergne.fr\/index.php?rest_route=\/wp\/v2\/types\/page"}],"author":[{"embeddable":true,"href":"http:\/\/groupeodonatauvergne.fr\/index.php?rest_route=\/wp\/v2\/users\/1"}],"replies":[{"embeddable":true,"href":"http:\/\/groupeodonatauvergne.fr\/index.php?rest_route=%2Fwp%2Fv2%2Fcomments&post=820"}],"version-history":[{"count":20,"href":"http:\/\/groupeodonatauvergne.fr\/index.php?rest_route=\/wp\/v2\/pages\/820\/revisions"}],"predecessor-version":[{"id":1932,"href":"http:\/\/groupeodonatauvergne.fr\/index.php?rest_route=\/wp\/v2\/pages\/820\/revisions\/1932"}],"wp:attachment":[{"href":"http:\/\/groupeodonatauvergne.fr\/index.php?rest_route=%2Fwp%2Fv2%2Fmedia&parent=820"}],"curies":[{"name":"wp","href":"https:\/\/api.w.org\/{rel}","templated":true}]}}