{"id":473,"date":"2017-04-27T08:05:00","date_gmt":"2017-04-27T08:05:00","guid":{"rendered":"http:\/\/groupeodonatauvergne.fr\/?page_id=473"},"modified":"2020-11-08T13:49:38","modified_gmt":"2020-11-08T13:49:38","slug":"resultats","status":"publish","type":"page","link":"http:\/\/groupeodonatauvergne.fr\/?page_id=473","title":{"rendered":"R\u00e9sultats juin"},"content":{"rendered":"<h2>&nbsp;<\/h2>\n<h2><strong><span style=\"color: #ff0000;\">Bravo !<\/span><\/strong><\/h2>\n<h2><strong><span style=\"color: #ff0000;\">Voil\u00e0 o\u00f9 nous en sommes au 20 juin gr\u00e2ce \u00e0 vous :<br><\/span><\/strong><\/h2>\n<h2><span style=\"color: #000000;\"><strong>2 fois plus de donn\u00e9<\/strong><strong>es qu&rsquo;en 2016, <\/strong><\/span><span style=\"color: #000000;\"><strong>2 fois plus d&rsquo;observateurs.<\/strong><\/span><\/h2>\n<p><img loading=\"lazy\" class=\"alignnone wp-image-600 size-full\" src=\"http:\/\/groupeodonatauvergne.fr\/wp-content\/uploads\/2017\/04\/MK-Resultats-mai_juin.jpg\" alt=\"\" width=\"720\" height=\"1040\" srcset=\"http:\/\/groupeodonatauvergne.fr\/wp-content\/uploads\/2017\/04\/MK-Resultats-mai_juin.jpg 720w, http:\/\/groupeodonatauvergne.fr\/wp-content\/uploads\/2017\/04\/MK-Resultats-mai_juin-208x300.jpg 208w, http:\/\/groupeodonatauvergne.fr\/wp-content\/uploads\/2017\/04\/MK-Resultats-mai_juin-709x1024.jpg 709w\" sizes=\"(max-width: 720px) 100vw, 720px\" \/><\/p>\n<h2>&nbsp;<\/h2>\n<h2>&nbsp;<\/h2>\n<h2><strong>Mise \u00e0 jour de la carte avec les donn\u00e9es r\u00e9colt\u00e9es :<\/strong><\/h2>\n<p><img loading=\"lazy\" class=\"alignnone wp-image-604 size-full\" src=\"http:\/\/groupeodonatauvergne.fr\/wp-content\/uploads\/2017\/04\/Carte-maj-fin-juin-17.gif\" alt=\"\" width=\"1200\" height=\"1697\"><\/p>\n<p><a href=\"http:\/\/groupeodonatauvergne.fr\/?page_id=372\">Vous pouvez trouver l&rsquo;actualisation des communes orphelines ici<\/a><\/p>\n<p>&nbsp;<\/p>\n<h2><strong><span style=\"color: #ff0000;\">Restez motiv\u00e9s, la saison est loin d&rsquo;\u00eatre finie et la moisson promet d&rsquo;\u00eatre belle !<\/span><\/strong><\/h2>\n\n\n<div class=\"wp-block-image\"><figure class=\"aligncenter size-large\"><img loading=\"lazy\" width=\"678\" height=\"261\" src=\"http:\/\/groupeodonatauvergne.fr\/wp-content\/uploads\/2020\/11\/Frise-resultats.gif\" alt=\"\" class=\"wp-image-1888\"\/><\/figure><\/div>\n\n\n\n<p><a href=\"http:\/\/groupeodonatauvergne.fr\/?page_id=370\">Retour \u00e0 Chasse au Calopt\u00e9ryx<\/a><\/p>\n","protected":false},"excerpt":{"rendered":"<p>&nbsp; Bravo ! Voil\u00e0 o\u00f9 nous en sommes au 20 juin gr\u00e2ce \u00e0 vous : 2 fois plus de donn\u00e9es qu&rsquo;en 2016, 2 fois plus d&rsquo;observateurs. &nbsp; &nbsp; Mise \u00e0 jour de la carte avec les donn\u00e9es r\u00e9colt\u00e9es : Vous &hellip; <a href=\"http:\/\/groupeodonatauvergne.fr\/?page_id=473\">Continuer la lecture <span class=\"meta-nav\">&rarr;<\/span><\/a><\/p>\n","protected":false},"author":1,"featured_media":0,"parent":0,"menu_order":0,"comment_status":"closed","ping_status":"closed","template":"","meta":{"ngg_post_thumbnail":0,"_mc_calendar":[]},"_links":{"self":[{"href":"http:\/\/groupeodonatauvergne.fr\/index.php?rest_route=\/wp\/v2\/pages\/473"}],"collection":[{"href":"http:\/\/groupeodonatauvergne.fr\/index.php?rest_route=\/wp\/v2\/pages"}],"about":[{"href":"http:\/\/groupeodonatauvergne.fr\/index.php?rest_route=\/wp\/v2\/types\/page"}],"author":[{"embeddable":true,"href":"http:\/\/groupeodonatauvergne.fr\/index.php?rest_route=\/wp\/v2\/users\/1"}],"replies":[{"embeddable":true,"href":"http:\/\/groupeodonatauvergne.fr\/index.php?rest_route=%2Fwp%2Fv2%2Fcomments&post=473"}],"version-history":[{"count":13,"href":"http:\/\/groupeodonatauvergne.fr\/index.php?rest_route=\/wp\/v2\/pages\/473\/revisions"}],"predecessor-version":[{"id":1889,"href":"http:\/\/groupeodonatauvergne.fr\/index.php?rest_route=\/wp\/v2\/pages\/473\/revisions\/1889"}],"wp:attachment":[{"href":"http:\/\/groupeodonatauvergne.fr\/index.php?rest_route=%2Fwp%2Fv2%2Fmedia&parent=473"}],"curies":[{"name":"wp","href":"https:\/\/api.w.org\/{rel}","templated":true}]}}