{"id":372,"date":"2017-04-27T08:04:46","date_gmt":"2017-04-27T08:04:46","guid":{"rendered":"http:\/\/groupeodonatauvergne.fr\/?page_id=372"},"modified":"2017-06-20T09:50:35","modified_gmt":"2017-06-20T09:50:35","slug":"communes-sans-donnees","status":"publish","type":"page","link":"http:\/\/groupeodonatauvergne.fr\/?page_id=372","title":{"rendered":"Communes sans donn\u00e9es"},"content":{"rendered":"<hr \/>\n<h2 style=\"text-align: center;\"><\/h2>\n<h2 style=\"text-align: center;\"><strong>R\u00e9partition des 3 esp\u00e8ces sur chaque d\u00e9partement et communes sans donn\u00e9es<\/strong><\/h2>\n<h2 style=\"text-align: center;\"><\/h2>\n<h2 style=\"text-align: center;\"><strong><span style=\"color: #41acb4;\">Cartes de r\u00e9partition sur l&rsquo;Allier<\/span><\/strong><\/h2>\n<p style=\"text-align: center;\"><a href=\"http:\/\/groupeodonatauvergne.fr\/wp-content\/uploads\/2017\/04\/Cartes-PDD.gif\" target=\"_blank\" rel=\"noopener noreferrer\"><img loading=\"lazy\" class=\"size-full wp-image-413 aligncenter\" src=\"http:\/\/groupeodonatauvergne.fr\/wp-content\/uploads\/2017\/04\/Cartes-Allier2.gif\" alt=\"\" width=\"707\" height=\"716\" \/><\/a><span style=\"color: #ff0000;\">Communes orphelines de l&rsquo;Allier (mise \u00e0 jour au 20\/06\/2017)<\/span><\/p>\n<h6 style=\"text-align: center;\">\u00a0<a href=\"http:\/\/groupeodonatauvergne.fr\/wp-content\/uploads\/2017\/04\/Communes-orphelines-03-FJ.pdf\"><img loading=\"lazy\" class=\"aligncenter wp-image-613 size-full\" src=\"http:\/\/groupeodonatauvergne.fr\/wp-content\/uploads\/2017\/04\/Communes-orphelines-03-FJ.gif\" alt=\"\" width=\"1200\" height=\"1290\" \/><\/a><\/h6>\n<p style=\"text-align: center;\">Cliquez sur la liste pour t\u00e9l\u00e9charger<\/p>\n<hr \/>\n<h2 style=\"text-align: center;\"><strong><span style=\"color: #41acb4;\">Cartes de r\u00e9partition sur le Puy de D\u00f4me<\/span><\/strong><\/h2>\n<p style=\"text-align: center;\"><a href=\"http:\/\/groupeodonatauvergne.fr\/wp-content\/uploads\/2017\/04\/Cartes-PDD.gif\" target=\"_blank\" rel=\"noopener noreferrer\"><img loading=\"lazy\" class=\"size-full wp-image-391 aligncenter\" src=\"http:\/\/groupeodonatauvergne.fr\/wp-content\/uploads\/2017\/04\/Cartes-PDD.gif\" alt=\"\" width=\"707\" height=\"716\" \/><\/a><span style=\"color: #ff0000;\">Communes orphelines du Puy de D\u00f4me (mise \u00e0 jour au 20\/06\/2017)<\/span><\/p>\n<p><a href=\"http:\/\/groupeodonatauvergne.fr\/wp-content\/uploads\/2017\/04\/Communes-orphelines-63-FJ.pdf\"><img loading=\"lazy\" class=\"aligncenter wp-image-612 size-full\" src=\"http:\/\/groupeodonatauvergne.fr\/wp-content\/uploads\/2017\/04\/Communes-orphelines-63-FJ.gif\" alt=\"\" width=\"1200\" height=\"1589\" \/><\/a><\/p>\n<p style=\"text-align: center;\">Cliquez sur la liste pour t\u00e9l\u00e9charger<\/p>\n<hr \/>\n<h2 style=\"text-align: center;\"><strong><span style=\"color: #41acb4;\">Cartes de r\u00e9partition sur la Haute Loire<\/span><\/strong><\/h2>\n<p style=\"text-align: center;\"><a href=\"http:\/\/groupeodonatauvergne.fr\/wp-content\/uploads\/2017\/04\/Cartes-Hte-Loire.gif\" target=\"_blank\" rel=\"noopener noreferrer\"><img loading=\"lazy\" class=\"size-full wp-image-390 aligncenter\" src=\"http:\/\/groupeodonatauvergne.fr\/wp-content\/uploads\/2017\/04\/Cartes-Hte-Loire.gif\" alt=\"\" width=\"707\" height=\"716\" \/><\/a><span style=\"color: #ff0000;\">Communes orphelines de la Haute Loire (mise \u00e0 jour au 20\/06\/2017)<\/span><\/p>\n<p><a href=\"http:\/\/groupeodonatauvergne.fr\/wp-content\/uploads\/2017\/04\/Communes-orphelines-43-FJ.pdf\"><img loading=\"lazy\" class=\"aligncenter wp-image-615 size-full\" src=\"http:\/\/groupeodonatauvergne.fr\/wp-content\/uploads\/2017\/04\/Communes-orphelines-43-FJ.gif\" alt=\"\" width=\"1200\" height=\"913\" \/><\/a><\/p>\n<p style=\"text-align: center;\">Cliquez sur la liste pour t\u00e9l\u00e9charger<\/p>\n<hr \/>\n<h2 style=\"text-align: center;\"><strong><span style=\"color: #41acb4;\">Cartes de r\u00e9partition sur le Cantal<\/span><\/strong><\/h2>\n<p><a href=\"http:\/\/groupeodonatauvergne.fr\/wp-content\/uploads\/2017\/04\/Cartes-Cantal.gif\" target=\"_blank\" rel=\"noopener noreferrer\"><img loading=\"lazy\" class=\"alignnone size-full wp-image-389\" src=\"http:\/\/groupeodonatauvergne.fr\/wp-content\/uploads\/2017\/04\/Cartes-Cantal.gif\" alt=\"\" width=\"707\" height=\"716\" \/><\/a><\/p>\n<p style=\"text-align: center;\"><span style=\"color: #ff0000;\">Communes orphelines du Cantal (mise \u00e0 jour au 20\/06\/2017)<\/span><\/p>\n<p><a href=\"http:\/\/groupeodonatauvergne.fr\/wp-content\/uploads\/2017\/04\/Communes-orphelines-15-FJ.pdf\"><img loading=\"lazy\" class=\"aligncenter wp-image-614 size-full\" src=\"http:\/\/groupeodonatauvergne.fr\/wp-content\/uploads\/2017\/04\/Communes-orphelines-15-FJ.gif\" alt=\"\" width=\"1200\" height=\"859\" \/><\/a><\/p>\n<p style=\"text-align: center;\">Cliquez sur la liste pour t\u00e9l\u00e9charger<\/p>\n<hr \/>\n<p><a href=\"http:\/\/groupeodonatauvergne.fr\/?page_id=370&amp;preview=true\">Retour \u00e0 Chasse aux Calopt\u00e9ryx<\/a><\/p>\n","protected":false},"excerpt":{"rendered":"<p>R\u00e9partition des 3 esp\u00e8ces sur chaque d\u00e9partement et communes sans donn\u00e9es Cartes de r\u00e9partition sur l&rsquo;Allier Communes orphelines de l&rsquo;Allier (mise \u00e0 jour au 20\/06\/2017) \u00a0 Cliquez sur la liste pour t\u00e9l\u00e9charger Cartes de r\u00e9partition sur le Puy de D\u00f4me &hellip; <a href=\"http:\/\/groupeodonatauvergne.fr\/?page_id=372\">Continuer la lecture <span class=\"meta-nav\">&rarr;<\/span><\/a><\/p>\n","protected":false},"author":1,"featured_media":0,"parent":0,"menu_order":0,"comment_status":"closed","ping_status":"closed","template":"","meta":{"ngg_post_thumbnail":0,"_mc_calendar":[]},"_links":{"self":[{"href":"http:\/\/groupeodonatauvergne.fr\/index.php?rest_route=\/wp\/v2\/pages\/372"}],"collection":[{"href":"http:\/\/groupeodonatauvergne.fr\/index.php?rest_route=\/wp\/v2\/pages"}],"about":[{"href":"http:\/\/groupeodonatauvergne.fr\/index.php?rest_route=\/wp\/v2\/types\/page"}],"author":[{"embeddable":true,"href":"http:\/\/groupeodonatauvergne.fr\/index.php?rest_route=\/wp\/v2\/users\/1"}],"replies":[{"embeddable":true,"href":"http:\/\/groupeodonatauvergne.fr\/index.php?rest_route=%2Fwp%2Fv2%2Fcomments&post=372"}],"version-history":[{"count":38,"href":"http:\/\/groupeodonatauvergne.fr\/index.php?rest_route=\/wp\/v2\/pages\/372\/revisions"}],"predecessor-version":[{"id":623,"href":"http:\/\/groupeodonatauvergne.fr\/index.php?rest_route=\/wp\/v2\/pages\/372\/revisions\/623"}],"wp:attachment":[{"href":"http:\/\/groupeodonatauvergne.fr\/index.php?rest_route=%2Fwp%2Fv2%2Fmedia&parent=372"}],"curies":[{"name":"wp","href":"https:\/\/api.w.org\/{rel}","templated":true}]}}