{"id":370,"date":"2017-04-27T08:04:33","date_gmt":"2017-04-27T08:04:33","guid":{"rendered":"http:\/\/groupeodonatauvergne.fr\/?page_id=370"},"modified":"2021-01-23T19:54:11","modified_gmt":"2021-01-23T19:54:11","slug":"chasse-aux-calopteryx","status":"publish","type":"page","link":"http:\/\/groupeodonatauvergne.fr\/?page_id=370","title":{"rendered":"Chasse aux Calopt\u00e9ryx"},"content":{"rendered":"<h2><span style=\"color: #64b39c;\">&nbsp;<\/span><\/h2>\n<h2><strong><span style=\"color: #41b39c;\">\u2192&nbsp; Calopt\u00e9ryx ?<\/span><\/strong><\/h2>\n<p>Derri\u00e8re ce nom myst\u00e9rieux se cachent de charmantes libellules aux vives couleurs m\u00e9talliques, bleu ou vert.<\/p>\n<p><img loading=\"lazy\" class=\"wp-image-419 aligncenter\" src=\"http:\/\/groupeodonatauvergne.fr\/wp-content\/uploads\/2017\/04\/Calopteryx_splendens_male_PHF_GOA_Expo.jpg\" alt=\"\" width=\"500\" height=\"333\" srcset=\"http:\/\/groupeodonatauvergne.fr\/wp-content\/uploads\/2017\/04\/Calopteryx_splendens_male_PHF_GOA_Expo.jpg 1000w, http:\/\/groupeodonatauvergne.fr\/wp-content\/uploads\/2017\/04\/Calopteryx_splendens_male_PHF_GOA_Expo-300x200.jpg 300w, http:\/\/groupeodonatauvergne.fr\/wp-content\/uploads\/2017\/04\/Calopteryx_splendens_male_PHF_GOA_Expo-768x512.jpg 768w\" sizes=\"(max-width: 500px) 100vw, 500px\" \/><\/p>\n<p>Ces demoiselles se rencontrent commun\u00e9ment au bord des cours d&rsquo;eau mais souffrent paradoxalement d\u2019un<strong><span style=\"color: #41b39c;\"> manque cruel d&rsquo;observations<\/span><\/strong>. Moins de la moiti\u00e9 des communes auvergnates disposent de donn\u00e9es r\u00e9centes (&gt;2005) : 602 communes sur 1310, soit 46%.<img loading=\"lazy\" class=\"size-full wp-image-416 aligncenter\" src=\"http:\/\/groupeodonatauvergne.fr\/wp-content\/uploads\/2017\/04\/Carte-Auvergne.gif\" alt=\"\" width=\"464\" height=\"645\"><\/p>\n<hr>\n<h2><span style=\"color: #000000;\">\u2192&nbsp; <strong>Sur ce constat, le Groupe Odonat&rsquo;Auvergne<\/strong><\/span> <strong><span style=\"color: #41b39c;\">lance une enqu\u00eate en 2017<\/span><span style=\"color: #ff0000;\">&nbsp; <\/span><span style=\"color: #000000;\">sur 3 des 4 esp\u00e8ces pr\u00e9sentes dans la r\u00e9gion.<\/span><\/strong><\/h2>\n<p>L\u2019objectif de cette enqu\u00eate est double :<\/p>\n<ul>\n<li><strong>Compl\u00e9ter les lacunes<\/strong> de connaissances sur la r\u00e9partition de ces esp\u00e8ces.<\/li>\n<li><strong>Int\u00e9resser<\/strong> les petits et les plus grands aux libellules.<\/li>\n<\/ul>\n<p><img loading=\"lazy\" class=\"wp-image-422 size-full alignnone\" src=\"http:\/\/groupeodonatauvergne.fr\/wp-content\/uploads\/2017\/04\/La-chasse-est-ouverte.gif\" alt=\"\" width=\"1338\" height=\"447\"><\/p>\n<p>Pas de panique ! Les <strong>m\u00e2les<\/strong> des 3 esp\u00e8ces sont <strong>facilement identifiables.<\/strong> Suivez le guide &#8230;<\/p>\n<ul>\n<li>On reconnait les m\u00e2les des femelles \u00e0 leur couleur : les <strong><span style=\"color: #0000ff;\">m\u00e2les<\/span><\/strong> sont <strong><span style=\"color: #0000ff;\">bleus<\/span><\/strong> avec sur leurs ailes des taches bleues plus ou moins \u00e9tendues, alors que les <strong><span style=\"color: #008000;\">femelles<\/span><\/strong> sont <strong><span style=\"color: #008000;\">vertes<\/span><\/strong><span style=\"color: #000000;\"> (parfois un peu brun\u00e2tres) avec les ailes compl\u00e8tement transparentes.<\/span><span style=\"color: #ffffff;\">ff<\/span><\/li>\n<\/ul>\n<ul>\n<li>La diff\u00e9renciation des femelles est une affaire d&rsquo;expert. Admirons les mais ne prenons pas le risque d&rsquo;une identification hasardeuse.<\/li>\n<\/ul>\n<p><img loading=\"lazy\" class=\"aligncenter wp-image-427\" src=\"http:\/\/groupeodonatauvergne.fr\/wp-content\/uploads\/2017\/04\/M1331078.jpg\" alt=\"\" width=\"501\" height=\"334\" srcset=\"http:\/\/groupeodonatauvergne.fr\/wp-content\/uploads\/2017\/04\/M1331078.jpg 1000w, http:\/\/groupeodonatauvergne.fr\/wp-content\/uploads\/2017\/04\/M1331078-300x200.jpg 300w, http:\/\/groupeodonatauvergne.fr\/wp-content\/uploads\/2017\/04\/M1331078-768x512.jpg 768w\" sizes=\"(max-width: 501px) 100vw, 501px\" \/><\/p>\n<p style=\"text-align: center;\"><strong>Calopteryx femelle<\/strong><\/p>\n<ul>\n<li>Pour les m\u00e2les, il suffit de bien observer <strong>l&rsquo;\u00e9tendue de la tache bleu<\/strong> sur les ailes.<\/li>\n<\/ul>\n<p><img loading=\"lazy\" class=\"alignleft wp-image-532 size-full\" src=\"http:\/\/groupeodonatauvergne.fr\/wp-content\/uploads\/2017\/04\/Males-Calopteryx-1.gif\" alt=\"\" width=\"1000\" height=\"1242\"><\/p>\n<p style=\"padding-left: 30px;\">Vous voyez, ce n&rsquo;est pas si compliqu\u00e9. Toute personne assez curieuse et attentive peut participer. De bons yeux suffisent mais filet de capture, jumelles et appareil photo peuvent vous aider.<\/p>\n<ul>\n<li>Une 4\u00e8me esp\u00e8ce de Calopt\u00e9ryx, non cibl\u00e9e par l&rsquo;enqu\u00eate, s&rsquo;appelle le Calopt\u00e9ryx h\u00e9morro\u00efdal (<em>Calopteryx haemorrhoidalis<\/em>). Il se rencontre tr\u00e8s rarement en Auvergne, uniquement dans l&rsquo;extr\u00eame sud du Cantal, aux confins du Lot et de l&rsquo;Aveyron.<\/li>\n<\/ul>\n<hr>\n<h2><strong><span style=\"color: #41b39c;\">\u2192&nbsp; La chasse est ouverte d\u00e8s maintenant et va durer jusqu&rsquo;en septembre &#8230;<\/span><\/strong><\/h2>\n<p><img loading=\"lazy\" class=\"aligncenter wp-image-529 \" src=\"http:\/\/groupeodonatauvergne.fr\/wp-content\/uploads\/2017\/04\/Cours-vertical-2.gif\" alt=\"\" width=\"520\" height=\"707\"><\/p>\n<p>Toutes les donn\u00e9es sont bien s\u00fbr les bienvenues mais les prospections sont \u00e0 r\u00e9aliser en priorit\u00e9 sur des communes o\u00f9 selon notre base de donn\u00e9es aucun Calopt\u00e9ryx n\u2019a \u00e9t\u00e9 not\u00e9 depuis 10 ans. <a href=\"http:\/\/groupeodonatauvergne.fr\/?page_id=372&amp;preview=true\" target=\"_blank\" rel=\"noopener noreferrer\">Voir la liste des communes concern\u00e9es par d\u00e9partement<\/a>.<\/p>\n<p><strong>Il y a forc\u00e9ment une commune orpheline pr\u00e8s de chez vous&nbsp;! Alors au boulot !<\/strong><\/p>\n<hr>\n<h2><strong><span style=\"color: #41b39c;\">\u2192&nbsp; Que faire de mes observations ?<\/span><\/strong><\/h2>\n<p>Il faut bien noter, au minimum, sur votre carnet :<\/p>\n<ul>\n<li>la date<\/li>\n<li>le lieu (lieu dit et commune, \u00e9ventuellement coordonn\u00e9es GPS)<\/li>\n<li>la ou les esp\u00e8ce(s) observ\u00e9e(s)<\/li>\n<li>les effectifs (le nombre approximatif d&rsquo;individus)<\/li>\n<\/ul>\n<p>Puis :<\/p>\n<ul>\n<li>Soit saisir vous-m\u00eames ces informations sur le portail Faune Auvergne avec lequel nous travaillons en partenariat : <a href=\"http:\/\/www.faune-auvergne.org\/\" target=\"_blank\" rel=\"noopener noreferrer\">http:\/\/www.faune-auvergne.org\/<\/a><\/li>\n<\/ul>\n<ul>\n<li>Soit nous envoyer directement vos donn\u00e9es \u00e0 <a href=\"mailto:groupeodonatauvergne@gmail.com\" target=\"_blank\" rel=\"noopener noreferrer\">groupeodonatauvergne@gmail.com<\/a><\/li>\n<\/ul>\n<hr>\n<p><img loading=\"lazy\" class=\"wp-image-481 size-full alignnone\" src=\"http:\/\/groupeodonatauvergne.fr\/wp-content\/uploads\/2017\/04\/Final-v3-1.gif\" alt=\"\" width=\"765\" height=\"998\"><\/p>\n<hr>\n<p>Aller \u00e0 :<\/p>\n<ul>\n<li><a href=\"http:\/\/groupeodonatauvergne.fr\/?page_id=372&amp;preview=true\" target=\"_blank\" rel=\"noopener noreferrer\">Liste des communes orphelines par d\u00e9partement<\/a><\/li>\n<li><a href=\"http:\/\/groupeodonatauvergne.fr\/?page_id=473&amp;preview=true\">Bilan provisoire juin 2017<\/a><\/li>\n<li><a href=\"http:\/\/groupeodonatauvergne.fr\/?page_id=703\">R\u00e9sultats novembre 2017<\/a><\/li>\n<li><a href=\"http:\/\/groupeodonatauvergne.fr\/?page_id=461&amp;preview=true\">Retour \u00e0 Etudes &amp; Enqu\u00eates<\/a><\/li>\n<\/ul>\n\n\n<p><\/p>\n","protected":false},"excerpt":{"rendered":"<p>&nbsp; \u2192&nbsp; Calopt\u00e9ryx ? Derri\u00e8re ce nom myst\u00e9rieux se cachent de charmantes libellules aux vives couleurs m\u00e9talliques, bleu ou vert. Ces demoiselles se rencontrent commun\u00e9ment au bord des cours d&rsquo;eau mais souffrent paradoxalement d\u2019un manque cruel d&rsquo;observations. Moins de la &hellip; <a href=\"http:\/\/groupeodonatauvergne.fr\/?page_id=370\">Continuer la lecture <span class=\"meta-nav\">&rarr;<\/span><\/a><\/p>\n","protected":false},"author":1,"featured_media":0,"parent":0,"menu_order":0,"comment_status":"closed","ping_status":"closed","template":"","meta":{"ngg_post_thumbnail":0,"_mc_calendar":[]},"_links":{"self":[{"href":"http:\/\/groupeodonatauvergne.fr\/index.php?rest_route=\/wp\/v2\/pages\/370"}],"collection":[{"href":"http:\/\/groupeodonatauvergne.fr\/index.php?rest_route=\/wp\/v2\/pages"}],"about":[{"href":"http:\/\/groupeodonatauvergne.fr\/index.php?rest_route=\/wp\/v2\/types\/page"}],"author":[{"embeddable":true,"href":"http:\/\/groupeodonatauvergne.fr\/index.php?rest_route=\/wp\/v2\/users\/1"}],"replies":[{"embeddable":true,"href":"http:\/\/groupeodonatauvergne.fr\/index.php?rest_route=%2Fwp%2Fv2%2Fcomments&post=370"}],"version-history":[{"count":60,"href":"http:\/\/groupeodonatauvergne.fr\/index.php?rest_route=\/wp\/v2\/pages\/370\/revisions"}],"predecessor-version":[{"id":1962,"href":"http:\/\/groupeodonatauvergne.fr\/index.php?rest_route=\/wp\/v2\/pages\/370\/revisions\/1962"}],"wp:attachment":[{"href":"http:\/\/groupeodonatauvergne.fr\/index.php?rest_route=%2Fwp%2Fv2%2Fmedia&parent=370"}],"curies":[{"name":"wp","href":"https:\/\/api.w.org\/{rel}","templated":true}]}}