{"id":29,"date":"2014-11-19T21:19:33","date_gmt":"2014-11-19T21:19:33","guid":{"rendered":"http:\/\/groupeodonatauvergne.fr\/?page_id=29"},"modified":"2020-11-08T09:31:22","modified_gmt":"2020-11-08T09:31:22","slug":"contact","status":"publish","type":"page","link":"http:\/\/groupeodonatauvergne.fr\/?page_id=29","title":{"rendered":"Contact"},"content":{"rendered":"<h3 style=\"text-align: center;\">Pour tout renseignement compl\u00e9mentaire, n&rsquo;h\u00e9sitez pas \u00e0 nous contacter :<\/h3>\n<p style=\"text-align: center;\">Adresse mail : <a href=\"mailto:groupeodonatauvergne@gmail.com\">groupeodonatauvergne@gmail.com<\/a><\/p>\n<p style=\"text-align: center;\">Adresse : 35 Avenue de la R\u00e9publique, 15000 AURILLAC<\/p>\n<p>&nbsp;<\/p>\n\n\n<div class=\"wp-block-image\"><figure class=\"aligncenter size-large\"><img loading=\"lazy\" width=\"200\" height=\"182\" src=\"http:\/\/groupeodonatauvergne.fr\/wp-content\/uploads\/2020\/11\/Logo-GOA.gif\" alt=\"\" class=\"wp-image-1866\"\/><\/figure><\/div>\n\n\n\n<p><\/p>\n","protected":false},"excerpt":{"rendered":"<p>Pour tout renseignement compl\u00e9mentaire, n&rsquo;h\u00e9sitez pas \u00e0 nous contacter : Adresse mail : groupeodonatauvergne@gmail.com Adresse : 35 Avenue de la R\u00e9publique, 15000 AURILLAC &nbsp;<\/p>\n","protected":false},"author":1,"featured_media":0,"parent":0,"menu_order":4,"comment_status":"closed","ping_status":"closed","template":"","meta":{"ngg_post_thumbnail":0,"_mc_calendar":[]},"_links":{"self":[{"href":"http:\/\/groupeodonatauvergne.fr\/index.php?rest_route=\/wp\/v2\/pages\/29"}],"collection":[{"href":"http:\/\/groupeodonatauvergne.fr\/index.php?rest_route=\/wp\/v2\/pages"}],"about":[{"href":"http:\/\/groupeodonatauvergne.fr\/index.php?rest_route=\/wp\/v2\/types\/page"}],"author":[{"embeddable":true,"href":"http:\/\/groupeodonatauvergne.fr\/index.php?rest_route=\/wp\/v2\/users\/1"}],"replies":[{"embeddable":true,"href":"http:\/\/groupeodonatauvergne.fr\/index.php?rest_route=%2Fwp%2Fv2%2Fcomments&post=29"}],"version-history":[{"count":3,"href":"http:\/\/groupeodonatauvergne.fr\/index.php?rest_route=\/wp\/v2\/pages\/29\/revisions"}],"predecessor-version":[{"id":1876,"href":"http:\/\/groupeodonatauvergne.fr\/index.php?rest_route=\/wp\/v2\/pages\/29\/revisions\/1876"}],"wp:attachment":[{"href":"http:\/\/groupeodonatauvergne.fr\/index.php?rest_route=%2Fwp%2Fv2%2Fmedia&parent=29"}],"curies":[{"name":"wp","href":"https:\/\/api.w.org\/{rel}","templated":true}]}}