{"id":2130,"date":"2022-03-18T13:42:36","date_gmt":"2022-03-18T13:42:36","guid":{"rendered":"http:\/\/groupeodonatauvergne.fr\/?page_id=2130"},"modified":"2024-02-03T20:15:13","modified_gmt":"2024-02-03T20:15:13","slug":"essai-quiz","status":"publish","type":"page","link":"http:\/\/groupeodonatauvergne.fr\/?page_id=2130","title":{"rendered":"Quiz"},"content":{"rendered":"\n<p>Le printemps n&rsquo;en finit pas d&rsquo;arriver ? Il pleut et vous piaffez d&rsquo;impatience, frustr\u00e9(e) de ne pouvoir sortir le filet ?  <\/p>\n\n\n\n<p><strong>Alors c&rsquo;est le moment de se replonger dans les guides pour se remettre en m\u00e9moire les crit\u00e8res de d\u00e9termination. Et pour d\u00e9marrer, le GOA vous propose ce petit quiz photos.<\/strong> <\/p>\n\n\n\n<p>Ce n&rsquo;est pas un concours, allez \u00e0 votre rythme, prenez le temps de bien v\u00e9rifier les crit\u00e8res avant de passer \u00e0 la r\u00e9ponse qui est donn\u00e9e juste apr\u00e8s. Les commentaires qui l&rsquo;accompagnent ne sont pas exhaustifs, ce ne sont que des tips. N&rsquo;h\u00e9sitez pas \u00e0 compl\u00e9ter \u00e0 l&rsquo;aide de vos guides favoris. Par exemple<\/p>\n\n\n\n<ul><li>Guide des libellules de France et d&rsquo;Europe de K.-D.B. Dijstra aux \u00e9ditions Delachaux et Niesl\u00e9. <\/li><li>Libellules de France, Belgique, Luxembourg et Suisse de D. Grand, J.P. Boudot et G. Doucet aux \u00e9ditions Biotope.<\/li><li>Exuvies des Odonates de France par G. Doucet, \u00e9dit\u00e9 par la SFO (\u00e0 commander sur le site de l&rsquo;OPIE).<\/li><\/ul>\n\n\n\n<p><strong>Comme la cigale, r\u00eavons au temps chaud ! <\/strong>      <\/p>\n\n\n\n<p><\/p>\n\n\n\n<p>    <\/p>\n\n\n\n<p><\/p>\n\n\n\n<p><\/p>\n\n\n\n<p><em>Cliquez sur la premi\u00e8re photo puis naviguez avec les fl\u00e8ches droite et gauche<\/em><\/p>\n\n\n\n<div class=\"wp-block-group\"><div class=\"wp-block-group__inner-container\">\nngg_shortcode_0_placeholder\n<\/div><\/div>\n","protected":false},"excerpt":{"rendered":"<p>Le printemps n&rsquo;en finit pas d&rsquo;arriver ? Il pleut et vous piaffez d&rsquo;impatience, frustr\u00e9(e) de ne pouvoir sortir le filet ? Alors c&rsquo;est le moment de se replonger dans les guides pour se remettre en m\u00e9moire les crit\u00e8res de d\u00e9termination. &hellip; <a href=\"http:\/\/groupeodonatauvergne.fr\/?page_id=2130\">Continuer la lecture <span class=\"meta-nav\">&rarr;<\/span><\/a><\/p>\n","protected":false},"author":1,"featured_media":0,"parent":0,"menu_order":0,"comment_status":"closed","ping_status":"closed","template":"","meta":{"ngg_post_thumbnail":0,"_mc_calendar":[]},"_links":{"self":[{"href":"http:\/\/groupeodonatauvergne.fr\/index.php?rest_route=\/wp\/v2\/pages\/2130"}],"collection":[{"href":"http:\/\/groupeodonatauvergne.fr\/index.php?rest_route=\/wp\/v2\/pages"}],"about":[{"href":"http:\/\/groupeodonatauvergne.fr\/index.php?rest_route=\/wp\/v2\/types\/page"}],"author":[{"embeddable":true,"href":"http:\/\/groupeodonatauvergne.fr\/index.php?rest_route=\/wp\/v2\/users\/1"}],"replies":[{"embeddable":true,"href":"http:\/\/groupeodonatauvergne.fr\/index.php?rest_route=%2Fwp%2Fv2%2Fcomments&post=2130"}],"version-history":[{"count":35,"href":"http:\/\/groupeodonatauvergne.fr\/index.php?rest_route=\/wp\/v2\/pages\/2130\/revisions"}],"predecessor-version":[{"id":2478,"href":"http:\/\/groupeodonatauvergne.fr\/index.php?rest_route=\/wp\/v2\/pages\/2130\/revisions\/2478"}],"wp:attachment":[{"href":"http:\/\/groupeodonatauvergne.fr\/index.php?rest_route=%2Fwp%2Fv2%2Fmedia&parent=2130"}],"curies":[{"name":"wp","href":"https:\/\/api.w.org\/{rel}","templated":true}]}}