{"id":202,"date":"2015-05-21T12:00:00","date_gmt":"2015-05-21T12:00:00","guid":{"rendered":"http:\/\/groupeodonatauvergne.fr\/?page_id=202"},"modified":"2024-02-04T16:26:49","modified_gmt":"2024-02-04T16:26:49","slug":"liens","status":"publish","type":"page","link":"http:\/\/groupeodonatauvergne.fr\/?page_id=202","title":{"rendered":"Liens"},"content":{"rendered":"\n<p><\/p>\n\n\n<h5>Si vous souhaitez appara\u00eetre sur cette page <a title=\"mail\" href=\"mailto:groupeodonatauvergne@gmail.com\">contactez nous<\/a>.<\/h5>\n<p>&nbsp;<\/p>\n<h2 class=\"text-center mt-5\"><a href=\"https:\/\/atlas-odonates.insectes.org\/\" target=\"_blank\" rel=\"noopener noreferrer\"><strong>Atlas dynamique des Odonates de France<\/strong><\/a><\/h2>\n<p>Publi\u00e9 par l&rsquo;OPIE, <a href=\"https:\/\/www.insectes.org\/\" target=\"_blank\" rel=\"noopener noreferrer\"><span class=\"textegras\">Office pou<\/span><span class=\"textegras\">r les insectes et leur environnement<\/span><\/a><\/p>\n<p>&nbsp;<\/p>\n<h2><strong>Associations Odonatologiques en France<\/strong><\/h2>\n<p>&#8211; <a title=\"gob\" href=\"http:\/\/www.bourgogne-nature.fr\/fr\/gob_260.html\" target=\"_blank\" rel=\"noopener noreferrer\">Groupe Odonates Bourgogne<\/a><\/p>\n<p>&#8211; <a title=\"gs\" href=\"http:\/\/www.sympetrum.fr\" target=\"_blank\" rel=\"noopener noreferrer\">Groupe Sympetrum<\/a><\/p>\n<p>&#8211; <a href=\"http:\/\/www.observatoire-biodiversite-paca.org\/environnement\/collaboratives-en-paca\/odonates-paca-site-de-la-societe-franaaise-d-odonatologie-delegation-paca~39.html\" target=\"_blank\" rel=\"noopener noreferrer\">SFO d\u00e9l\u00e9gation PACA<\/a><\/p>\n<p>&#8211; <a title=\"slo\" href=\"http:\/\/assoslo.free.fr\/\" target=\"_blank\" rel=\"noopener noreferrer\">Soci\u00e9t\u00e9 Limousine d&rsquo;Odonatologie<\/a><\/p>\n<p>&#8211; <a href=\"https:\/\/insecterra.forumactif.com\/t19422-boyeria\" target=\"_blank\" rel=\"noopener noreferrer\">Groupe Boyeria (forum)<\/a><\/p>\n<p>&nbsp;<\/p>\n<h2><strong>Structures auvergnates de gestion et de protection de l&rsquo;environnement<\/strong><\/h2>\n<p>&#8211; <a href=\"http:\/\/www.chauve-souris-auvergne.fr\/\" target=\"_blank\" rel=\"noopener noreferrer\">Chauve Souris Auvergne<\/a><\/p>\n<p>&#8211; <a href=\"http:\/\/www.cbnmc.fr\/index.php\/fr\/\" target=\"_blank\" rel=\"noopener noreferrer\">Conservatoire Botanique national Massif Central<\/a><\/p>\n<p>&#8211; <a href=\"http:\/\/www.cen-auvergne.fr\/\" target=\"_blank\" rel=\"noopener noreferrer\">Conservatoire d&rsquo;espaces naturels d&rsquo;Auvergne<\/a><\/p>\n<p>&#8211; <a title=\"cen allier\" href=\"http:\/\/cen-allier.org\/\" target=\"_blank\" rel=\"noopener noreferrer\">Conservatoire d&rsquo;espaces naturels de l&rsquo;Allier<\/a><\/p>\n<p>&#8211; <a title=\"FRANE\" href=\"http:\/\/www.frane-auvergne-environnement.fr\/\" target=\"_blank\" rel=\"noopener noreferrer\">F\u00e9d\u00e9ration de la R\u00e9gion Auvergne pour la Nature et l&rsquo;Environnement<\/a><\/p>\n<p>&#8211; <a title=\"Groupe mammalogique d'Auvergne\" href=\"http:\/\/www.mammiferes.org\/\" target=\"_blank\" rel=\"noopener noreferrer\">Groupe mammalogique d&rsquo;Auvergne<\/a><\/p>\n<p>&#8211; <a title=\"www.lpo-auvergne.org\/\" href=\"http:\/\/www.lpo-auvergne.org\/\" target=\"_blank\" rel=\"noopener noreferrer\">Ligue de Protection des Oiseaux Auvergne<\/a><\/p>\n<p>&#8211; <a title=\"lien groupe odonates auvergne\" href=\"http:\/\/www.parcdesvolcans.fr\/\" target=\"_blank\" rel=\"noopener noreferrer\">Parc Naturel R\u00e9gional des Volcans d&rsquo;Auvergne<\/a><\/p>\n<p>&#8211; <a title=\"lien groupe odonates auvergne\" href=\"http:\/\/www.parc-livradois-forez.org\/\" target=\"_blank\" rel=\"noopener noreferrer\">Parc Naturel R\u00e9gional du Livradois Forez<\/a><\/p>\n<p>&#8211; <a href=\"https:\/\/www.lacommere43.fr\/archives\/item\/953-reseau-ecologie-nature-43-un-appui-technique-pour-les-collectivites.html\" target=\"_blank\" rel=\"noopener noreferrer\">Reseau Ecologie Nature de la Haute Loire<\/a><\/p>\n<p>&nbsp;<\/p>\n<h2><strong>Autres liens<\/strong><\/h2>\n<p>&#8211; <a href=\"https:\/\/www.facebook.com\/pages\/Groupe-OdonatAuvergne\/836953433036139?fref=ts\" target=\"_blank\" rel=\"noopener noreferrer\">le GOA sur Facebook<\/a><\/p>\n<p>&#8211; <a href=\"http:\/\/www.shnao.eu\/Odonata#article\" target=\"_blank\" rel=\"noopener noreferrer\">SHNAO &#8211; Atlas des odonates du Puy de d\u00f4me<\/a><\/p>\n<p>&#8211; <a href=\"http:\/\/odonates.pnaopie.fr\/\" target=\"_blank\" rel=\"noopener noreferrer\">PNA Odonates, infos diverses<\/a><\/p>\n<p>&#8211; <a href=\"http:\/\/www.auvergne-rhone-alpes.developpement-durable.gouv.fr\/\" target=\"_blank\" rel=\"noopener noreferrer\">DREAL Auvergne-Rh\u00f4ne-Alpes<\/a><\/p>\n\n\n<p><\/p>\n\n\n\n<p><\/p>\n\n\n\n<div class=\"wp-block-group alignwide\"><div class=\"wp-block-group__inner-container\">\n<div class=\"wp-block-media-text alignwide is-stacked-on-mobile has-black-color has-light-gray-background-color has-text-color has-background\" style=\"grid-template-columns:15% auto\"><figure class=\"wp-block-media-text__media\"><img loading=\"lazy\" width=\"98\" height=\"98\" src=\"http:\/\/groupeodonatauvergne.fr\/wp-content\/uploads\/2021\/01\/Logo-visionature.png\" alt=\"\" class=\"wp-image-1909\"\/><\/figure><div class=\"wp-block-media-text__content\">\n<p class=\"has-text-align-left\" style=\"font-size:18px\">Le GOA est partenaire de la LPO et de <a href=\"https:\/\/www.faune-aura.org\/\" target=\"_blank\" rel=\"noreferrer noopener\">Faune AuRA<\/a><\/p>\n<\/div><\/div>\n\n\n\n<div class=\"wp-block-group\"><div class=\"wp-block-group__inner-container\"><\/div><\/div>\n<\/div><\/div>\n\n\n\n<p><\/p>\n","protected":false},"excerpt":{"rendered":"<p>Si vous souhaitez appara\u00eetre sur cette page contactez nous. &nbsp; Atlas dynamique des Odonates de France Publi\u00e9 par l&rsquo;OPIE, Office pour les insectes et leur environnement &nbsp; Associations Odonatologiques en France &#8211; Groupe Odonates Bourgogne &#8211; Groupe Sympetrum &#8211; SFO &hellip; <a href=\"http:\/\/groupeodonatauvergne.fr\/?page_id=202\">Continuer la lecture <span class=\"meta-nav\">&rarr;<\/span><\/a><\/p>\n","protected":false},"author":1,"featured_media":0,"parent":39,"menu_order":0,"comment_status":"closed","ping_status":"closed","template":"","meta":{"ngg_post_thumbnail":0,"_mc_calendar":[]},"_links":{"self":[{"href":"http:\/\/groupeodonatauvergne.fr\/index.php?rest_route=\/wp\/v2\/pages\/202"}],"collection":[{"href":"http:\/\/groupeodonatauvergne.fr\/index.php?rest_route=\/wp\/v2\/pages"}],"about":[{"href":"http:\/\/groupeodonatauvergne.fr\/index.php?rest_route=\/wp\/v2\/types\/page"}],"author":[{"embeddable":true,"href":"http:\/\/groupeodonatauvergne.fr\/index.php?rest_route=\/wp\/v2\/users\/1"}],"replies":[{"embeddable":true,"href":"http:\/\/groupeodonatauvergne.fr\/index.php?rest_route=%2Fwp%2Fv2%2Fcomments&post=202"}],"version-history":[{"count":30,"href":"http:\/\/groupeodonatauvergne.fr\/index.php?rest_route=\/wp\/v2\/pages\/202\/revisions"}],"predecessor-version":[{"id":2504,"href":"http:\/\/groupeodonatauvergne.fr\/index.php?rest_route=\/wp\/v2\/pages\/202\/revisions\/2504"}],"up":[{"embeddable":true,"href":"http:\/\/groupeodonatauvergne.fr\/index.php?rest_route=\/wp\/v2\/pages\/39"}],"wp:attachment":[{"href":"http:\/\/groupeodonatauvergne.fr\/index.php?rest_route=%2Fwp%2Fv2%2Fmedia&parent=202"}],"curies":[{"name":"wp","href":"https:\/\/api.w.org\/{rel}","templated":true}]}}