{"id":18,"date":"2014-11-19T20:27:52","date_gmt":"2014-11-19T20:27:52","guid":{"rendered":"http:\/\/groupeodonatauvergne.fr\/?page_id=18"},"modified":"2021-01-17T16:20:42","modified_gmt":"2021-01-17T16:20:42","slug":"cartes-de-repartition","status":"publish","type":"page","link":"http:\/\/groupeodonatauvergne.fr\/?page_id=18","title":{"rendered":"Cartes de r\u00e9partition"},"content":{"rendered":"<p>En attendant des cartes par esp\u00e8ces, d\u00e9couvrez les cartes de l&rsquo;intensit\u00e9 de prospection issues du <a title=\"D\u00e9clinaison r\u00e9gionale plan national actions odonates\" href=\"http:\/\/odonates.pnaopie.fr\/plans-regionaux\/auvergne\/\" target=\"_blank\" rel=\"noopener noreferrer\">Plan r\u00e9gional d&rsquo;Actions Odonates<\/a>. Ces cartes vous permettrons de d\u00e9couvrir les secteurs largement prospect\u00e9s, et au contraire, les zones de \u00ab\u00a0vide\u00a0\u00bb. Vous l&rsquo;aurez compris, si on veut une id\u00e9e la plus pr\u00e9cise possible de l&rsquo;odonatofaune auvergnate, il faut combler ces vides ! alors n&rsquo;h\u00e9sitez pas \u00e0 aller, filet \u00e0 la main, sur les zones blanches ! \ud83d\ude42<\/p>\n<p style=\"text-align: center;\"><a href=\"http:\/\/groupeodonatauvergne.fr\/wp-content\/uploads\/2021\/01\/Figure-1_Intensite-prospection-mailles.png\" target=\"_blank\" rel=\"noopener noreferrer\"><img loading=\"lazy\" class=\"wp-image-1918 aligncenter\" src=\"http:\/\/groupeodonatauvergne.fr\/wp-content\/uploads\/2021\/01\/Figure-1_Intensite-prospection-mailles.png\" alt=\"\" width=\"421\" height=\"596\" srcset=\"http:\/\/groupeodonatauvergne.fr\/wp-content\/uploads\/2021\/01\/Figure-1_Intensite-prospection-mailles.png 686w, http:\/\/groupeodonatauvergne.fr\/wp-content\/uploads\/2021\/01\/Figure-1_Intensite-prospection-mailles-212x300.png 212w\" sizes=\"(max-width: 421px) 100vw, 421px\" \/><\/a><em>Carte de l&rsquo;intensit\u00e9 de prospection par mailles <\/em><\/p>\n<h5 style=\"text-align: center;\"><em>(<a title=\"mailles avec fond de carte\" href=\"http:\/\/groupeodonatauvergne.fr\/wp-content\/uploads\/2014\/11\/Goa.jpg\" target=\"_blank\" rel=\"noopener noreferrer\">Carte disponible avec fond Google map<\/a>)<br \/>\n<\/em><\/h5>\n<p style=\"text-align: center;\"><a href=\"http:\/\/groupeodonatauvergne.fr\/wp-content\/uploads\/2021\/01\/Figure-2_Intensite-prospection-points.jpg\" target=\"_blank\" rel=\"noopener noreferrer\"><img loading=\"lazy\" class=\"wp-image-1921 aligncenter\" src=\"http:\/\/groupeodonatauvergne.fr\/wp-content\/uploads\/2021\/01\/Figure-2_Intensite-prospection-points.jpg\" alt=\"\" width=\"416\" height=\"588\" srcset=\"http:\/\/groupeodonatauvergne.fr\/wp-content\/uploads\/2021\/01\/Figure-2_Intensite-prospection-points.jpg 793w, http:\/\/groupeodonatauvergne.fr\/wp-content\/uploads\/2021\/01\/Figure-2_Intensite-prospection-points-212x300.jpg 212w, http:\/\/groupeodonatauvergne.fr\/wp-content\/uploads\/2021\/01\/Figure-2_Intensite-prospection-points-724x1024.jpg 724w, http:\/\/groupeodonatauvergne.fr\/wp-content\/uploads\/2021\/01\/Figure-2_Intensite-prospection-points-768x1086.jpg 768w\" sizes=\"(max-width: 416px) 100vw, 416px\" \/><\/a><em>Carte de l&rsquo;intensit\u00e9 de prospection par points<\/em><\/p>\n<p>&nbsp;<\/p>\n<p style=\"text-align: left;\">Afin de pr\u00e9ciser un peu les recherches, nous vous proposons \u00e9galement des cartes par communes. Vous y trouverez les communes o\u00f9 nous avons pour le moment le moins de donn\u00e9es.Le r\u00eave ? : n&rsquo;avoir aucune commune avec 0 donn\u00e9e d&rsquo;ici \u00e0 2017 ! Bonnes observations et \u00e0 vos filets ! \ud83d\ude42<\/p>\n<div id=\"attachment_212\" style=\"width: 650px\" class=\"wp-caption aligncenter\"><a href=\"http:\/\/groupeodonatauvergne.fr\/wp-content\/uploads\/2014\/11\/Secteurs-_-Auvergne.pdf\" target=\"_blank\" rel=\"noopener noreferrer\"><img aria-describedby=\"caption-attachment-212\" loading=\"lazy\" class=\"size-large wp-image-212\" src=\"http:\/\/groupeodonatauvergne.fr\/wp-content\/uploads\/2014\/11\/Secteurs-_-Auvergne-1024x724.jpeg\" alt=\"Carte des communes \u00e0 prospecter\" width=\"640\" height=\"452\" srcset=\"http:\/\/groupeodonatauvergne.fr\/wp-content\/uploads\/2014\/11\/Secteurs-_-Auvergne-1024x724.jpeg 1024w, http:\/\/groupeodonatauvergne.fr\/wp-content\/uploads\/2014\/11\/Secteurs-_-Auvergne-300x212.jpeg 300w\" sizes=\"(max-width: 640px) 100vw, 640px\" \/><\/a><p id=\"caption-attachment-212\" class=\"wp-caption-text\">Carte des communes \u00e0 prospecter<\/p><\/div>\n","protected":false},"excerpt":{"rendered":"<p>En attendant des cartes par esp\u00e8ces, d\u00e9couvrez les cartes de l&rsquo;intensit\u00e9 de prospection issues du Plan r\u00e9gional d&rsquo;Actions Odonates. Ces cartes vous permettrons de d\u00e9couvrir les secteurs largement prospect\u00e9s, et au contraire, les zones de \u00ab\u00a0vide\u00a0\u00bb. Vous l&rsquo;aurez compris, si &hellip; <a href=\"http:\/\/groupeodonatauvergne.fr\/?page_id=18\">Continuer la lecture <span class=\"meta-nav\">&rarr;<\/span><\/a><\/p>\n","protected":false},"author":1,"featured_media":0,"parent":14,"menu_order":0,"comment_status":"closed","ping_status":"closed","template":"","meta":{"ngg_post_thumbnail":0,"_mc_calendar":[]},"_links":{"self":[{"href":"http:\/\/groupeodonatauvergne.fr\/index.php?rest_route=\/wp\/v2\/pages\/18"}],"collection":[{"href":"http:\/\/groupeodonatauvergne.fr\/index.php?rest_route=\/wp\/v2\/pages"}],"about":[{"href":"http:\/\/groupeodonatauvergne.fr\/index.php?rest_route=\/wp\/v2\/types\/page"}],"author":[{"embeddable":true,"href":"http:\/\/groupeodonatauvergne.fr\/index.php?rest_route=\/wp\/v2\/users\/1"}],"replies":[{"embeddable":true,"href":"http:\/\/groupeodonatauvergne.fr\/index.php?rest_route=%2Fwp%2Fv2%2Fcomments&post=18"}],"version-history":[{"count":18,"href":"http:\/\/groupeodonatauvergne.fr\/index.php?rest_route=\/wp\/v2\/pages\/18\/revisions"}],"predecessor-version":[{"id":1927,"href":"http:\/\/groupeodonatauvergne.fr\/index.php?rest_route=\/wp\/v2\/pages\/18\/revisions\/1927"}],"up":[{"embeddable":true,"href":"http:\/\/groupeodonatauvergne.fr\/index.php?rest_route=\/wp\/v2\/pages\/14"}],"wp:attachment":[{"href":"http:\/\/groupeodonatauvergne.fr\/index.php?rest_route=%2Fwp%2Fv2%2Fmedia&parent=18"}],"curies":[{"name":"wp","href":"https:\/\/api.w.org\/{rel}","templated":true}]}}