{"id":146,"date":"2015-03-26T19:46:13","date_gmt":"2015-03-26T19:46:13","guid":{"rendered":"http:\/\/groupeodonatauvergne.fr\/?page_id=146"},"modified":"2024-01-17T16:29:14","modified_gmt":"2024-01-17T16:29:14","slug":"le-bureau","status":"publish","type":"page","link":"http:\/\/groupeodonatauvergne.fr\/?page_id=146","title":{"rendered":"Le Conseil d&rsquo;administration et les membres du bureau"},"content":{"rendered":"\n<p><\/p>\n\n\n<p style=\"padding-left: 80px;\"><span style=\"color: #333333;\"><strong>Nicolas LOLIVE : Pr\u00e9sident<\/strong><\/span><\/p>\n<p style=\"padding-left: 80px;\"><strong>Guillaume LE ROUX : Vice Pr\u00e9sident<br><\/strong><\/p>\n<p style=\"padding-left: 80px;\"><strong>Guillaume CAILLON : Secr\u00e9taire<\/strong><\/p>\n<p style=\"padding-left: 80px;\"><strong>Marine SCHMITT<\/strong> : <strong>Secr\u00e9taire adjointe<\/strong><\/p>\n<p style=\"padding-left: 80px;\"><strong>Philippe FLAMMANT : Tr\u00e9sorier<br><\/strong><\/p>\n<p style=\"padding-left: 80px;\"><strong>Aur\u00e9lie SOISSONS : Tr\u00e9sori\u00e8re adjointe<br><\/strong><\/p>\n<p style=\"padding-left: 80px;\"><span style=\"color: #333333;\"><strong>Luc BELENGUIER <\/strong><\/span><\/p>\n<p style=\"padding-left: 80px;\"><span style=\"color: #333333;\"><strong>Nathana\u00eblle BOYER <\/strong><\/span><\/p>\n<p style=\"padding-left: 80px;\"><span style=\"color: #333333;\"><strong>Marine KREDER<\/strong><\/span><\/p>\n<p style=\"padding-left: 80px;\"><span style=\"color: #333333;\"><strong>R\u00e9gis KRIEG-JACQUIER<\/strong><\/span><\/p>\n<p style=\"padding-left: 80px;\"><strong>Natha<\/strong><strong>na\u00ebl <\/strong><strong>LEFEBVRE<\/strong><\/p>\n<p style=\"padding-left: 40px;\">&nbsp;&nbsp;&nbsp;&nbsp;&nbsp;&nbsp;&nbsp;&nbsp;&nbsp; <strong>Bastien MOISAN<\/strong><\/p>\n<p>&nbsp;<\/p>\n<p><strong>&nbsp;<\/strong><strong>&nbsp;<\/strong><strong>&nbsp;<\/strong><em>Lors de la prochaine AG, n&rsquo;h\u00e9sitez pas \u00e0 vous porter volontaire, le GOA est ouvert \u00e0 toutes propositions !<\/em><\/p>\n<p>&nbsp;<\/p>","protected":false},"excerpt":{"rendered":"<p>Nicolas LOLIVE : Pr\u00e9sident Guillaume LE ROUX : Vice Pr\u00e9sident Guillaume CAILLON : Secr\u00e9taire Marine SCHMITT : Secr\u00e9taire adjointe Philippe FLAMMANT : Tr\u00e9sorier Aur\u00e9lie SOISSONS : Tr\u00e9sori\u00e8re adjointe Luc BELENGUIER Nathana\u00eblle BOYER Marine KREDER R\u00e9gis KRIEG-JACQUIER Nathana\u00ebl LEFEBVRE &nbsp;&nbsp;&nbsp;&nbsp;&nbsp;&nbsp;&nbsp;&nbsp;&nbsp; Bastien &hellip; <a href=\"http:\/\/groupeodonatauvergne.fr\/?page_id=146\">Continuer la lecture <span class=\"meta-nav\">&rarr;<\/span><\/a><\/p>\n","protected":false},"author":1,"featured_media":0,"parent":12,"menu_order":0,"comment_status":"closed","ping_status":"closed","template":"","meta":{"ngg_post_thumbnail":0,"_mc_calendar":[]},"_links":{"self":[{"href":"http:\/\/groupeodonatauvergne.fr\/index.php?rest_route=\/wp\/v2\/pages\/146"}],"collection":[{"href":"http:\/\/groupeodonatauvergne.fr\/index.php?rest_route=\/wp\/v2\/pages"}],"about":[{"href":"http:\/\/groupeodonatauvergne.fr\/index.php?rest_route=\/wp\/v2\/types\/page"}],"author":[{"embeddable":true,"href":"http:\/\/groupeodonatauvergne.fr\/index.php?rest_route=\/wp\/v2\/users\/1"}],"replies":[{"embeddable":true,"href":"http:\/\/groupeodonatauvergne.fr\/index.php?rest_route=%2Fwp%2Fv2%2Fcomments&post=146"}],"version-history":[{"count":25,"href":"http:\/\/groupeodonatauvergne.fr\/index.php?rest_route=\/wp\/v2\/pages\/146\/revisions"}],"predecessor-version":[{"id":2435,"href":"http:\/\/groupeodonatauvergne.fr\/index.php?rest_route=\/wp\/v2\/pages\/146\/revisions\/2435"}],"up":[{"embeddable":true,"href":"http:\/\/groupeodonatauvergne.fr\/index.php?rest_route=\/wp\/v2\/pages\/12"}],"wp:attachment":[{"href":"http:\/\/groupeodonatauvergne.fr\/index.php?rest_route=%2Fwp%2Fv2%2Fmedia&parent=146"}],"curies":[{"name":"wp","href":"https:\/\/api.w.org\/{rel}","templated":true}]}}